{"id":646,"date":"2024-05-21T14:26:18","date_gmt":"2024-05-21T12:26:18","guid":{"rendered":"https:\/\/www.lemaguer-guerisseur-formation.com\/?page_id=646"},"modified":"2025-04-16T11:34:54","modified_gmt":"2025-04-16T09:34:54","slug":"planning-2024-2025","status":"publish","type":"page","link":"https:\/\/www.lemaguer-guerisseur-formation.com\/index.php\/planning-2024-2025\/","title":{"rendered":"Planning 2024-2025"},"content":{"rendered":"\t\t<div data-elementor-type=\"wp-page\" data-elementor-id=\"646\" class=\"elementor elementor-646\">\n\t\t\t\t<div class=\"elementor-element elementor-element-7071f2a e-grid e-con-boxed e-con e-parent\" data-id=\"7071f2a\" data-element_type=\"container\">\n\t\t\t\t\t<div class=\"e-con-inner\">\n\t\t\t\t<div class=\"elementor-element elementor-element-190292e elementor-widget elementor-widget-image\" data-id=\"190292e\" data-element_type=\"widget\" data-widget_type=\"image.default\">\n\t\t\t\t<div class=\"elementor-widget-container\">\n\t\t\t\t\t\t\t\t\t\t\t\t\t\t\t<img fetchpriority=\"high\" decoding=\"async\" width=\"680\" height=\"492\" src=\"https:\/\/www.lemaguer-guerisseur-formation.com\/wp-content\/uploads\/2025\/03\/Connaissance-a-avoir-pour-commencer-la-mediumnite.png\" class=\"attachment-large size-large wp-image-739\" alt=\"\" srcset=\"https:\/\/www.lemaguer-guerisseur-formation.com\/wp-content\/uploads\/2025\/03\/Connaissance-a-avoir-pour-commencer-la-mediumnite.png 681w, https:\/\/www.lemaguer-guerisseur-formation.com\/wp-content\/uploads\/2025\/03\/Connaissance-a-avoir-pour-commencer-la-mediumnite-300x217.png 300w, https:\/\/www.lemaguer-guerisseur-formation.com\/wp-content\/uploads\/2025\/03\/Connaissance-a-avoir-pour-commencer-la-mediumnite-600x434.png 600w\" sizes=\"(max-width: 680px) 100vw, 680px\" \/>\t\t\t\t\t\t\t\t\t\t\t\t\t\t\t<\/div>\n\t\t\t\t<\/div>\n\t\t\t\t<div class=\"elementor-element elementor-element-df2e0db elementor-widget elementor-widget-text-editor\" data-id=\"df2e0db\" data-element_type=\"widget\" data-widget_type=\"text-editor.default\">\n\t\t\t\t<div class=\"elementor-widget-container\">\n\t\t\t\t\t\t\t\t\t<p><strong>Proposition de mini-stage\u00a0:<\/strong><\/p><p>\u00a0 Le Week-end des 3 et 4 mai prochain, j\u2019organise un stage sur le th\u00e8me :<\/p><p>&#8211;\u00a0 Des flux \u00e9nerg\u00e9tiques n\u00e9gatifs-commun\u00e9ment appel\u00e9s pollutions.<\/p><p>&#8211;\u00a0 Comment les d\u00e9truire- D\u00e9polluer les personnes et les lieux.<\/p><p>\u00a0 Je vous propose de me consulter par t\u00e9l\u00e9phone, par visio, ou par mail pour tout renseignement. (travail.spirituel@gmail.com &#8211; 06 24 27 54 47)<\/p><p>\u00a0 Les ateliers peuvent se faire en pr\u00e9sentiel ou par visio-conf\u00e9rence.\u00a0 \u00a0 \u00a0 \u00a0 \u00a0 \u00a0 \u00a0 \u00a0 \u00a0 \u00a0 \u00a0 \u00a0 \u00a0 \u00a0 \u00a0 \u00a0 \u00a0 La dur\u00e9e de ce stage est de 12 heures \u00e9galement r\u00e9parties sur les deux jours.\u00a0 \u00a0 Le co\u00fbt est de 200\u20ac.<\/p>\t\t\t\t\t\t\t\t<\/div>\n\t\t\t\t<\/div>\n\t\t\t\t\t<\/div>\n\t\t\t\t<\/div>\n\t\t\t\t<\/div>\n\t\t","protected":false},"excerpt":{"rendered":"<p>Proposition de mini-stage\u00a0: \u00a0 Le Week-end des 3 et 4 mai prochain, j\u2019organise un stage sur le th\u00e8me : &#8211;\u00a0 Des flux \u00e9nerg\u00e9tiques n\u00e9gatifs-commun\u00e9ment appel\u00e9s pollutions. &#8211;\u00a0 Comment les d\u00e9truire- D\u00e9polluer les personnes et les lieux. \u00a0 Je vous propose de me consulter par t\u00e9l\u00e9phone, par visio, ou par mail pour tout renseignement. (travail.spirituel@gmail.com &#8211; [&hellip;]<\/p>\n","protected":false},"author":1,"featured_media":0,"parent":0,"menu_order":0,"comment_status":"closed","ping_status":"closed","template":"template-parts\/template-no-sidebar.php","meta":{"footnotes":""},"class_list":["post-646","page","type-page","status-publish","hentry"],"aioseo_notices":[],"_links":{"self":[{"href":"https:\/\/www.lemaguer-guerisseur-formation.com\/index.php\/wp-json\/wp\/v2\/pages\/646","targetHints":{"allow":["GET"]}}],"collection":[{"href":"https:\/\/www.lemaguer-guerisseur-formation.com\/index.php\/wp-json\/wp\/v2\/pages"}],"about":[{"href":"https:\/\/www.lemaguer-guerisseur-formation.com\/index.php\/wp-json\/wp\/v2\/types\/page"}],"author":[{"embeddable":true,"href":"https:\/\/www.lemaguer-guerisseur-formation.com\/index.php\/wp-json\/wp\/v2\/users\/1"}],"replies":[{"embeddable":true,"href":"https:\/\/www.lemaguer-guerisseur-formation.com\/index.php\/wp-json\/wp\/v2\/comments?post=646"}],"version-history":[{"count":7,"href":"https:\/\/www.lemaguer-guerisseur-formation.com\/index.php\/wp-json\/wp\/v2\/pages\/646\/revisions"}],"predecessor-version":[{"id":970,"href":"https:\/\/www.lemaguer-guerisseur-formation.com\/index.php\/wp-json\/wp\/v2\/pages\/646\/revisions\/970"}],"wp:attachment":[{"href":"https:\/\/www.lemaguer-guerisseur-formation.com\/index.php\/wp-json\/wp\/v2\/media?parent=646"}],"curies":[{"name":"wp","href":"https:\/\/api.w.org\/{rel}","templated":true}]}}