{"id":642,"date":"2024-05-21T14:25:37","date_gmt":"2024-05-21T12:25:37","guid":{"rendered":"https:\/\/www.lemaguer-guerisseur-formation.com\/?page_id=642"},"modified":"2025-03-18T14:28:37","modified_gmt":"2025-03-18T13:28:37","slug":"formation-de-medium-magnetiseur-radiesthesiste-et-de-guerisseur","status":"publish","type":"page","link":"https:\/\/www.lemaguer-guerisseur-formation.com\/index.php\/formation-de-medium-magnetiseur-radiesthesiste-et-de-guerisseur\/","title":{"rendered":"Formation de m\u00e9dium, magn\u00e9tiseur radiesth\u00e9siste et de gu\u00e9risseur"},"content":{"rendered":"\t\t<div data-elementor-type=\"wp-page\" data-elementor-id=\"642\" class=\"elementor elementor-642\">\n\t\t\t\t<div class=\"elementor-element elementor-element-112ea94 e-flex e-con-boxed e-con e-parent\" data-id=\"112ea94\" data-element_type=\"container\">\n\t\t\t\t\t<div class=\"e-con-inner\">\n\t\t\t\t<div class=\"elementor-element elementor-element-cfe137f elementor-widget elementor-widget-text-editor\" data-id=\"cfe137f\" data-element_type=\"widget\" data-widget_type=\"text-editor.default\">\n\t\t\t\t<div class=\"elementor-widget-container\">\n\t\t\t\t\t\t\t\t\t<p>\u00a0 Avant de vous pr\u00e9senter ces capacit\u00e9s bien sp\u00e9cifiques, certaines connaissances \u00e0 avoir me semblent n\u00e9cessaires.\u00a0 C\u2019est pourquoi, je vous propose ces items de formation\u00a0:<\/p><p><u style=\"color: var( --e-global-color-text ); font-family: var( --e-global-typography-text-font-family ), Sans-serif; font-weight: var( --e-global-typography-text-font-weight ); text-align: var(--text-align);\">Les couleurs de l\u2019aura et le karma associ\u00e9<\/u><span style=\"color: var( --e-global-color-text ); font-family: var( --e-global-typography-text-font-family ), Sans-serif; font-weight: var( --e-global-typography-text-font-weight ); text-align: var(--text-align);\">.<\/span><\/p><p>La couleur karmique de l\u2019aura d\u00e9finit le type de karma que la personne peut vivre ou subir.<\/p><p><u>Influence de l\u2019aura sur le corps humain<\/u><\/p><p>L\u2019influence des \u00e9nergies et\/ ou plan de l\u2019aura peut avoir des cons\u00e9quences sur le comportement des personnes.<\/p><p><u>\u00a0<\/u><u style=\"color: var( --e-global-color-text ); font-family: var( --e-global-typography-text-font-family ), Sans-serif; font-weight: var( --e-global-typography-text-font-weight ); text-align: var(--text-align);\">Les pollutions des auras et des lieux &#8211; la d\u00e9pollution<\/u><\/p><p>Les flux \u00e9nerg\u00e9tiques \u00e9manant des pens\u00e9es peuvent provoquer de nombreux troubles et dysfonctionnements pour la personne dont l\u2019aura est atteinte.<\/p><p><u style=\"color: var( --e-global-color-text ); font-family: var( --e-global-typography-text-font-family ), Sans-serif; font-weight: var( --e-global-typography-text-font-weight ); text-align: var(--text-align);\">Nettoyage de l\u2019aura lors d\u2019un soin \u00e9nerg\u00e9tique<\/u><\/p><p>Selon les types de pollutions.<\/p><p>Bien \u00e9videmment, il me semble n\u00e9cessaire de faire un point au pr\u00e9alable sur vos propres acquisitions. Pour cela, je serai disponible et \u00e0 votre \u00e9coute en ce qui concerne plus vos besoins en formation.<\/p>\t\t\t\t\t\t\t\t<\/div>\n\t\t\t\t<\/div>\n\t\t\t\t\t<\/div>\n\t\t\t\t<\/div>\n\t\t<div class=\"elementor-element elementor-element-7f28999 e-flex e-con-boxed e-con e-parent\" data-id=\"7f28999\" data-element_type=\"container\">\n\t\t\t\t\t<div class=\"e-con-inner\">\n\t\t\t\t<div class=\"elementor-element elementor-element-8b10e90 elementor-widget elementor-widget-image\" data-id=\"8b10e90\" data-element_type=\"widget\" data-widget_type=\"image.default\">\n\t\t\t\t<div class=\"elementor-widget-container\">\n\t\t\t\t\t\t\t\t\t\t\t\t\t\t\t<img fetchpriority=\"high\" decoding=\"async\" width=\"680\" height=\"466\" src=\"https:\/\/www.lemaguer-guerisseur-formation.com\/wp-content\/uploads\/2025\/03\/titre-de-longlet-formation.png\" class=\"attachment-large size-large wp-image-822\" alt=\"\" srcset=\"https:\/\/www.lemaguer-guerisseur-formation.com\/wp-content\/uploads\/2025\/03\/titre-de-longlet-formation.png 954w, https:\/\/www.lemaguer-guerisseur-formation.com\/wp-content\/uploads\/2025\/03\/titre-de-longlet-formation-300x206.png 300w, https:\/\/www.lemaguer-guerisseur-formation.com\/wp-content\/uploads\/2025\/03\/titre-de-longlet-formation-768x526.png 768w, https:\/\/www.lemaguer-guerisseur-formation.com\/wp-content\/uploads\/2025\/03\/titre-de-longlet-formation-600x411.png 600w\" sizes=\"(max-width: 680px) 100vw, 680px\" \/>\t\t\t\t\t\t\t\t\t\t\t\t\t\t\t<\/div>\n\t\t\t\t<\/div>\n\t\t\t\t\t<\/div>\n\t\t\t\t<\/div>\n\t\t\t\t<\/div>\n\t\t","protected":false},"excerpt":{"rendered":"<p>\u00a0 Avant de vous pr\u00e9senter ces capacit\u00e9s bien sp\u00e9cifiques, certaines connaissances \u00e0 avoir me semblent n\u00e9cessaires.\u00a0 C\u2019est pourquoi, je vous propose ces items de formation\u00a0: Les couleurs de l\u2019aura et le karma associ\u00e9. La couleur karmique de l\u2019aura d\u00e9finit le type de karma que la personne peut vivre ou subir. Influence de l\u2019aura sur le [&hellip;]<\/p>\n","protected":false},"author":1,"featured_media":0,"parent":0,"menu_order":0,"comment_status":"closed","ping_status":"closed","template":"template-parts\/template-no-sidebar.php","meta":{"footnotes":""},"class_list":["post-642","page","type-page","status-publish","hentry"],"aioseo_notices":[],"_links":{"self":[{"href":"https:\/\/www.lemaguer-guerisseur-formation.com\/index.php\/wp-json\/wp\/v2\/pages\/642","targetHints":{"allow":["GET"]}}],"collection":[{"href":"https:\/\/www.lemaguer-guerisseur-formation.com\/index.php\/wp-json\/wp\/v2\/pages"}],"about":[{"href":"https:\/\/www.lemaguer-guerisseur-formation.com\/index.php\/wp-json\/wp\/v2\/types\/page"}],"author":[{"embeddable":true,"href":"https:\/\/www.lemaguer-guerisseur-formation.com\/index.php\/wp-json\/wp\/v2\/users\/1"}],"replies":[{"embeddable":true,"href":"https:\/\/www.lemaguer-guerisseur-formation.com\/index.php\/wp-json\/wp\/v2\/comments?post=642"}],"version-history":[{"count":7,"href":"https:\/\/www.lemaguer-guerisseur-formation.com\/index.php\/wp-json\/wp\/v2\/pages\/642\/revisions"}],"predecessor-version":[{"id":902,"href":"https:\/\/www.lemaguer-guerisseur-formation.com\/index.php\/wp-json\/wp\/v2\/pages\/642\/revisions\/902"}],"wp:attachment":[{"href":"https:\/\/www.lemaguer-guerisseur-formation.com\/index.php\/wp-json\/wp\/v2\/media?parent=642"}],"curies":[{"name":"wp","href":"https:\/\/api.w.org\/{rel}","templated":true}]}}