{"id":262,"date":"2023-05-30T16:58:36","date_gmt":"2023-05-30T16:58:36","guid":{"rendered":"http:\/\/gracethemesdemo.com\/goldstar\/?page_id=262"},"modified":"2026-01-16T17:14:30","modified_gmt":"2026-01-16T16:14:30","slug":"accueil","status":"publish","type":"page","link":"https:\/\/www.lemaguer-guerisseur-formation.com\/","title":{"rendered":"Accueil"},"content":{"rendered":"\t\t<div data-elementor-type=\"wp-page\" data-elementor-id=\"262\" class=\"elementor elementor-262\">\n\t\t\t\t\t\t<section class=\"elementor-section elementor-top-section elementor-element elementor-element-45c08bf5 elementor-section-boxed elementor-section-height-default elementor-section-height-default elementor-invisible\" data-id=\"45c08bf5\" data-element_type=\"section\" data-settings=\"{&quot;background_background&quot;:&quot;classic&quot;,&quot;animation&quot;:&quot;fadeIn&quot;}\">\n\t\t\t\t\t\t<div class=\"elementor-container elementor-column-gap-default\">\n\t\t\t\t\t<div class=\"elementor-column elementor-col-50 elementor-top-column elementor-element elementor-element-5b4a8d54\" data-id=\"5b4a8d54\" data-element_type=\"column\">\n\t\t\t<div class=\"elementor-widget-wrap elementor-element-populated\">\n\t\t\t\t\t\t<div class=\"elementor-element elementor-element-4c3ccc2 elementor-widget elementor-widget-heading\" data-id=\"4c3ccc2\" data-element_type=\"widget\" data-widget_type=\"heading.default\">\n\t\t\t\t<div class=\"elementor-widget-container\">\n\t\t\t\t\t<h2 class=\"elementor-heading-title elementor-size-default\">Le magn\u00e9tisme<\/h2>\t\t\t\t<\/div>\n\t\t\t\t<\/div>\n\t\t\t\t<div class=\"elementor-element elementor-element-471ea55e elementor-widget elementor-widget-text-editor\" data-id=\"471ea55e\" data-element_type=\"widget\" data-widget_type=\"text-editor.default\">\n\t\t\t\t<div class=\"elementor-widget-container\">\n\t\t\t\t\t\t\t\t\t<p style=\"font-weight: 400;\">\u00a0 Dans cet ensemble, que l\u2019on nomme la galaxie, la terre \u00e9mane du magn\u00e9tisme afin de rester dans la rotation plan\u00e9taire.\u00a0 \u00a0 \u00a0 \u00a0 \u00a0 \u00a0 \u00a0 \u00a0 \u00a0 \u00a0 \u00a0 \u00a0 \u00a0 Elle \u00e9mane un magn\u00e9tisme positif et favorable \u00e0 la vie des hommes et des animaux. Pour les v\u00e9g\u00e9taux, elle reste magn\u00e9tiquement favorable, mais par ailleurs, elle les nourrit de ses oligo-\u00e9l\u00e9ments et la pluie les abreuve.<\/p><p style=\"font-weight: 400;\">\u00a0 Mais l\u2019action magn\u00e9tique terrestre peut \u00eatre n\u00e9faste, lors d\u2019\u00e9manation trop importante en raison de la pr\u00e9sence de failles.\u00a0 \u00a0 \u00a0 Dans le cas o\u00f9 ces failles sont sous une habitation ou un lieu de travail, les \u00e9manations plus puissantes peuvent mettre en danger la vie humaine sur le long terme. C\u2019est ce que d\u00e9montrent les \u00e9tudes g\u00e9o biologiques.<\/p>\t\t\t\t\t\t\t\t<\/div>\n\t\t\t\t<\/div>\n\t\t\t\t\t<\/div>\n\t\t<\/div>\n\t\t\t\t<div class=\"elementor-column elementor-col-50 elementor-top-column elementor-element elementor-element-438655fe\" data-id=\"438655fe\" data-element_type=\"column\">\n\t\t\t<div class=\"elementor-widget-wrap elementor-element-populated\">\n\t\t\t\t\t\t<div class=\"elementor-element elementor-element-c020758 elementor-widget__width-auto elementor-widget elementor-widget-image\" data-id=\"c020758\" data-element_type=\"widget\" data-widget_type=\"image.default\">\n\t\t\t\t<div class=\"elementor-widget-container\">\n\t\t\t\t\t\t\t\t\t\t\t\t\t\t\t<img fetchpriority=\"high\" decoding=\"async\" width=\"680\" height=\"345\" src=\"https:\/\/www.lemaguer-guerisseur-formation.com\/wp-content\/uploads\/2025\/03\/les-champs-magnetiques-te-la-terre-1024x520.jpg\" class=\"attachment-large size-large wp-image-817\" alt=\"\" srcset=\"https:\/\/www.lemaguer-guerisseur-formation.com\/wp-content\/uploads\/2025\/03\/les-champs-magnetiques-te-la-terre-1024x520.jpg 1024w, https:\/\/www.lemaguer-guerisseur-formation.com\/wp-content\/uploads\/2025\/03\/les-champs-magnetiques-te-la-terre-300x152.jpg 300w, https:\/\/www.lemaguer-guerisseur-formation.com\/wp-content\/uploads\/2025\/03\/les-champs-magnetiques-te-la-terre-768x390.jpg 768w, https:\/\/www.lemaguer-guerisseur-formation.com\/wp-content\/uploads\/2025\/03\/les-champs-magnetiques-te-la-terre-600x305.jpg 600w, https:\/\/www.lemaguer-guerisseur-formation.com\/wp-content\/uploads\/2025\/03\/les-champs-magnetiques-te-la-terre.jpg 1153w\" sizes=\"(max-width: 680px) 100vw, 680px\" \/>\t\t\t\t\t\t\t\t\t\t\t\t\t\t\t<\/div>\n\t\t\t\t<\/div>\n\t\t\t\t\t<\/div>\n\t\t<\/div>\n\t\t\t\t\t<\/div>\n\t\t<\/section>\n\t\t\t\t<section class=\"elementor-section elementor-top-section elementor-element elementor-element-a1f51f8 elementor-section-boxed elementor-section-height-default elementor-section-height-default elementor-invisible\" data-id=\"a1f51f8\" data-element_type=\"section\" data-settings=\"{&quot;background_background&quot;:&quot;classic&quot;,&quot;animation&quot;:&quot;fadeIn&quot;}\">\n\t\t\t\t\t\t<div class=\"elementor-container elementor-column-gap-default\">\n\t\t\t\t\t<div class=\"elementor-column elementor-col-50 elementor-top-column elementor-element elementor-element-a105914\" data-id=\"a105914\" data-element_type=\"column\">\n\t\t\t<div class=\"elementor-widget-wrap elementor-element-populated\">\n\t\t\t\t\t\t<div class=\"elementor-element elementor-element-bf0c2e5 elementor-widget elementor-widget-image\" data-id=\"bf0c2e5\" data-element_type=\"widget\" data-widget_type=\"image.default\">\n\t\t\t\t<div class=\"elementor-widget-container\">\n\t\t\t\t\t\t\t\t\t\t\t\t\t\t\t<img decoding=\"async\" width=\"499\" height=\"542\" src=\"https:\/\/www.lemaguer-guerisseur-formation.com\/wp-content\/uploads\/2025\/03\/les-energies-et-laura-noirceur.png\" class=\"attachment-large size-large wp-image-767\" alt=\"\" srcset=\"https:\/\/www.lemaguer-guerisseur-formation.com\/wp-content\/uploads\/2025\/03\/les-energies-et-laura-noirceur.png 499w, https:\/\/www.lemaguer-guerisseur-formation.com\/wp-content\/uploads\/2025\/03\/les-energies-et-laura-noirceur-276x300.png 276w\" sizes=\"(max-width: 499px) 100vw, 499px\" \/>\t\t\t\t\t\t\t\t\t\t\t\t\t\t\t<\/div>\n\t\t\t\t<\/div>\n\t\t\t\t\t<\/div>\n\t\t<\/div>\n\t\t\t\t<div class=\"elementor-column elementor-col-50 elementor-top-column elementor-element elementor-element-8594cc3\" data-id=\"8594cc3\" data-element_type=\"column\">\n\t\t\t<div class=\"elementor-widget-wrap elementor-element-populated\">\n\t\t\t\t\t\t<div class=\"elementor-element elementor-element-1b5a3c7 elementor-widget elementor-widget-heading\" data-id=\"1b5a3c7\" data-element_type=\"widget\" data-widget_type=\"heading.default\">\n\t\t\t\t<div class=\"elementor-widget-container\">\n\t\t\t\t\t<h2 class=\"elementor-heading-title elementor-size-default\">Ma fa\u00e7on de pratiquer  et d'agir<\/h2>\t\t\t\t<\/div>\n\t\t\t\t<\/div>\n\t\t\t\t<div class=\"elementor-element elementor-element-d3ab369 elementor-widget elementor-widget-text-editor\" data-id=\"d3ab369\" data-element_type=\"widget\" data-widget_type=\"text-editor.default\">\n\t\t\t\t<div class=\"elementor-widget-container\">\n\t\t\t\t\t\t\t\t\t<p>\u00a0 En sachant que la source de la majeure partie des maladies fonctionnelles et mentales se trouve dans le psychisme, qu&rsquo;il soit conscient et inconscient, je m\u2019attache \u00e0 effectuer un nettoyage complet de l\u2019aura et d\u2019une partie inconsciente du cerveau par le biais de mon magn\u00e9tisme. Ainsi je peux enrailler les maladies ainsi que les \u00e9tats de fatigue mentale.\u00a0 \u00a0 \u00a0 \u00a0 \u00a0 \u00a0 \u00a0 \u00a0 \u00a0 \u00a0 \u00a0 \u00a0 \u00a0 \u00a0 \u00a0 \u00a0Mais pour la plupart des cas de dysfonctions, l\u2019environnement familial et soci\u00e9tal joue un r\u00f4le important, de ce fait je pr\u00e9conise de prendre en consid\u00e9ration tous les \u00e9v\u00e9nements f\u00e2cheux qui\u00a0 arrivent dans une vie, car ils sont inscrits\u00a0 dans le karma, et\u00a0 peuvent \u00eatre it\u00e9ratifs pour la personne qui les subit \u2026<\/p>\t\t\t\t\t\t\t\t<\/div>\n\t\t\t\t<\/div>\n\t\t\t\t\t<\/div>\n\t\t<\/div>\n\t\t\t\t\t<\/div>\n\t\t<\/section>\n\t\t\t\t<section class=\"elementor-section elementor-top-section elementor-element elementor-element-731ab629 elementor-section-boxed elementor-section-height-default elementor-section-height-default\" data-id=\"731ab629\" data-element_type=\"section\">\n\t\t\t\t\t\t<div class=\"elementor-container elementor-column-gap-default\">\n\t\t\t\t\t<div class=\"elementor-column elementor-col-33 elementor-top-column elementor-element elementor-element-7715df12\" data-id=\"7715df12\" data-element_type=\"column\">\n\t\t\t<div class=\"elementor-widget-wrap elementor-element-populated\">\n\t\t\t\t\t\t<div class=\"elementor-element elementor-element-6c4df721 elementor-widget elementor-widget-heading\" data-id=\"6c4df721\" data-element_type=\"widget\" data-widget_type=\"heading.default\">\n\t\t\t\t<div class=\"elementor-widget-container\">\n\t\t\t\t\t<h2 class=\"elementor-heading-title elementor-size-default\">Les 4 raisons de venir me consulter<\/h2>\t\t\t\t<\/div>\n\t\t\t\t<\/div>\n\t\t\t\t\t<\/div>\n\t\t<\/div>\n\t\t\t\t<div class=\"elementor-column elementor-col-33 elementor-top-column elementor-element elementor-element-68969494\" data-id=\"68969494\" data-element_type=\"column\">\n\t\t\t<div class=\"elementor-widget-wrap\">\n\t\t\t\t\t\t\t<\/div>\n\t\t<\/div>\n\t\t\t\t<div class=\"elementor-column elementor-col-33 elementor-top-column elementor-element elementor-element-20498f4\" data-id=\"20498f4\" data-element_type=\"column\">\n\t\t\t<div class=\"elementor-widget-wrap elementor-element-populated\">\n\t\t\t\t\t\t<section class=\"elementor-section elementor-inner-section elementor-element elementor-element-25c67507 elementor-section-boxed elementor-section-height-default elementor-section-height-default\" data-id=\"25c67507\" data-element_type=\"section\">\n\t\t\t\t\t\t<div class=\"elementor-container elementor-column-gap-default\">\n\t\t\t\t\t<div class=\"elementor-column elementor-col-50 elementor-inner-column elementor-element elementor-element-76e6a93a reasons_box elementor-invisible\" data-id=\"76e6a93a\" data-element_type=\"column\" data-settings=\"{&quot;background_background&quot;:&quot;classic&quot;,&quot;animation&quot;:&quot;zoomIn&quot;}\">\n\t\t\t<div class=\"elementor-widget-wrap elementor-element-populated\">\n\t\t\t\t\t\t<div class=\"elementor-element elementor-element-70073d39 elementor-position-left reasons_box elementor-vertical-align-top elementor-widget elementor-widget-image-box\" data-id=\"70073d39\" data-element_type=\"widget\" data-widget_type=\"image-box.default\">\n\t\t\t\t<div class=\"elementor-widget-container\">\n\t\t\t\t\t<div class=\"elementor-image-box-wrapper\"><figure class=\"elementor-image-box-img\"><img decoding=\"async\" width=\"52\" height=\"38\" src=\"https:\/\/www.lemaguer-guerisseur-formation.com\/wp-content\/uploads\/2023\/05\/why_shop_icon1.png\" class=\"attachment-full size-full wp-image-273\" alt=\"\" \/><\/figure><div class=\"elementor-image-box-content\"><h3 class=\"elementor-image-box-title\">Exp\u00e9riences <\/h3><p class=\"elementor-image-box-description\">Profitez de soins \u00e9nerg\u00e9tiques complets, et, dans certains contextes d'une s\u00e9ance de m\u00e9diumnit\u00e9.<\/p><\/div><\/div>\t\t\t\t<\/div>\n\t\t\t\t<\/div>\n\t\t\t\t\t<\/div>\n\t\t<\/div>\n\t\t\t\t<div class=\"elementor-column elementor-col-50 elementor-inner-column elementor-element elementor-element-939f391 reasons_box elementor-invisible\" data-id=\"939f391\" data-element_type=\"column\" data-settings=\"{&quot;background_background&quot;:&quot;classic&quot;,&quot;animation&quot;:&quot;zoomIn&quot;}\">\n\t\t\t<div class=\"elementor-widget-wrap elementor-element-populated\">\n\t\t\t\t\t\t<div class=\"elementor-element elementor-element-71108cbf elementor-position-left reasons_box elementor-vertical-align-top elementor-widget elementor-widget-image-box\" data-id=\"71108cbf\" data-element_type=\"widget\" data-widget_type=\"image-box.default\">\n\t\t\t\t<div class=\"elementor-widget-container\">\n\t\t\t\t\t<div class=\"elementor-image-box-wrapper\"><figure class=\"elementor-image-box-img\"><img loading=\"lazy\" decoding=\"async\" width=\"43\" height=\"43\" src=\"https:\/\/www.lemaguer-guerisseur-formation.com\/wp-content\/uploads\/2023\/05\/why_shop_icon2.png\" class=\"attachment-full size-full wp-image-274\" alt=\"\" \/><\/figure><div class=\"elementor-image-box-content\"><h3 class=\"elementor-image-box-title\">Sens \u00e9thique<\/h3><p class=\"elementor-image-box-description\">Consultez une praticienne de m\u00e9decine alternative, garante d'un sens moral.<\/p><\/div><\/div>\t\t\t\t<\/div>\n\t\t\t\t<\/div>\n\t\t\t\t\t<\/div>\n\t\t<\/div>\n\t\t\t\t\t<\/div>\n\t\t<\/section>\n\t\t\t\t<section class=\"elementor-section elementor-inner-section elementor-element elementor-element-7c79500 elementor-section-boxed elementor-section-height-default elementor-section-height-default\" data-id=\"7c79500\" data-element_type=\"section\">\n\t\t\t\t\t\t<div class=\"elementor-container elementor-column-gap-default\">\n\t\t\t\t\t<div class=\"elementor-column elementor-col-50 elementor-inner-column elementor-element elementor-element-1d1780f0 reasons_box elementor-invisible\" data-id=\"1d1780f0\" data-element_type=\"column\" data-settings=\"{&quot;background_background&quot;:&quot;classic&quot;,&quot;animation&quot;:&quot;zoomIn&quot;}\">\n\t\t\t<div class=\"elementor-widget-wrap elementor-element-populated\">\n\t\t\t\t\t\t<div class=\"elementor-element elementor-element-5879b38c elementor-position-left reasons_box elementor-vertical-align-top elementor-widget elementor-widget-image-box\" data-id=\"5879b38c\" data-element_type=\"widget\" data-widget_type=\"image-box.default\">\n\t\t\t\t<div class=\"elementor-widget-container\">\n\t\t\t\t\t<div class=\"elementor-image-box-wrapper\"><figure class=\"elementor-image-box-img\"><img loading=\"lazy\" decoding=\"async\" width=\"39\" height=\"40\" src=\"https:\/\/www.lemaguer-guerisseur-formation.com\/wp-content\/uploads\/2023\/05\/why_shop_icon3.png\" class=\"attachment-full size-full wp-image-275\" alt=\"\" \/><\/figure><div class=\"elementor-image-box-content\"><h3 class=\"elementor-image-box-title\">Approche holistique<\/h3><p class=\"elementor-image-box-description\">Prise en charge des probl\u00e9matiques de sant\u00e9 et de l'environnement.\n\n\n\n\n\n\n<\/p><\/div><\/div>\t\t\t\t<\/div>\n\t\t\t\t<\/div>\n\t\t\t\t\t<\/div>\n\t\t<\/div>\n\t\t\t\t<div class=\"elementor-column elementor-col-50 elementor-inner-column elementor-element elementor-element-497ec52c reasons_box elementor-invisible\" data-id=\"497ec52c\" data-element_type=\"column\" data-settings=\"{&quot;background_background&quot;:&quot;classic&quot;,&quot;animation&quot;:&quot;zoomIn&quot;}\">\n\t\t\t<div class=\"elementor-widget-wrap elementor-element-populated\">\n\t\t\t\t\t\t<div class=\"elementor-element elementor-element-329cf352 elementor-position-left reasons_box elementor-vertical-align-top elementor-widget elementor-widget-image-box\" data-id=\"329cf352\" data-element_type=\"widget\" data-widget_type=\"image-box.default\">\n\t\t\t\t<div class=\"elementor-widget-container\">\n\t\t\t\t\t<div class=\"elementor-image-box-wrapper\"><figure class=\"elementor-image-box-img\"><img loading=\"lazy\" decoding=\"async\" width=\"52\" height=\"49\" src=\"https:\/\/www.lemaguer-guerisseur-formation.com\/wp-content\/uploads\/2023\/05\/why_shop_icon4.png\" class=\"attachment-full size-full wp-image-276\" alt=\"\" \/><\/figure><div class=\"elementor-image-box-content\"><h3 class=\"elementor-image-box-title\">En harmonie<\/h3><p class=\"elementor-image-box-description\">Je favorise l'apaisement et la gu\u00e9rison, dans le respect du pouvoir de l'\u00e9nergie terrestre.<\/p><\/div><\/div>\t\t\t\t<\/div>\n\t\t\t\t<\/div>\n\t\t\t\t\t<\/div>\n\t\t<\/div>\n\t\t\t\t\t<\/div>\n\t\t<\/section>\n\t\t\t\t\t<\/div>\n\t\t<\/div>\n\t\t\t\t\t<\/div>\n\t\t<\/section>\n\t\t<div class=\"elementor-element elementor-element-7754511 e-flex e-con-boxed e-con e-parent\" data-id=\"7754511\" data-element_type=\"container\">\n\t\t\t\t\t<div class=\"e-con-inner\">\n\t\t\t\t<div class=\"elementor-element elementor-element-74e908d elementor-widget elementor-widget-text-editor\" data-id=\"74e908d\" data-element_type=\"widget\" data-widget_type=\"text-editor.default\">\n\t\t\t\t<div class=\"elementor-widget-container\">\n\t\t\t\t\t\t\t\t\t<p>\u00a0 Mes soins \u00e9nerg\u00e9tiques sont associ\u00e9s \u00e0 une s\u00e9ance de m\u00e9diumnit\u00e9, afin de mieux comprendre l\u2019\u00e9volution de votre vie, qui somme toute est totalement d\u00e9pendante de votre karma.<br \/>Effectivement, certains ont de belles \u00e9volutions durant leur vie, et d&rsquo;autres des difficult\u00e9s incommensurables.<br \/>\u00a0 Est-ce normal ?<br \/>NON.<br \/>\u00a0 Tout le monde devrait avoir la sant\u00e9 \u00e0 la naissance, et la s\u00e9r\u00e9nit\u00e9 de vivre, en ayant la possibilit\u00e9 de vivre de son travail. Mais ce n&rsquo;est pas ce qui arrive pour certains d&rsquo;entre nous.\u00a0 \u00a0 \u00a0 \u00a0 \u00a0 \u00a0 \u00a0 \u00a0 \u00a0 \u00a0 \u00a0 \u00a0 \u00a0 \u00a0 \u00a0 \u00a0 \u00a0 \u00a0 \u00a0 \u00a0 \u00a0 \u00a0 \u00a0 \u00a0 \u00a0 \u00a0 \u00a0 \u00a0 \u00a0 \u00a0 \u00a0 \u00a0 \u00a0 \u00a0 \u00a0 \u00a0 \u00a0 \u00a0 \u00a0 \u00a0 \u00a0 \u00a0 \u00a0 \u00a0 \u00a0 \u00a0 \u00a0 \u00a0 \u00a0 \u00a0 \u00a0 \u00a0 \u00a0 \u00a0 \u00a0 \u00a0 \u00a0 \u00a0 \u00a0 \u00a0 \u00a0 \u00a0 \u00a0 \u00a0 \u00a0 \u00a0 \u00a0 \u00a0 \u00a0 \u00a0Des ennuis s&rsquo;accumulent de toutes part pour ceux qui subissent un karma de difficult\u00e9s financi\u00e8res et de souffrances.<\/p><p>\u00a0 Je peux tr\u00e8s bien vous expliquer la raison pour laquelle vous \u00eates aujourd&rsquo;hui dans la peine, quelle qu&rsquo;elle soit, et vous permettre, apr\u00e8s une voire 2 s\u00e9ances, de rebondir enfin selon votre motivation et votre volont\u00e9.<br \/>\u00a0 Mais pour la plupart d\u2019entre nous m\u00e9diumnit\u00e9 est \u00e9sot\u00e9rique.<br \/>\u00a0 Qu\u2019est-ce que la m\u00e9diumnit\u00e9 ?<br \/>Ce n\u2019est que du magn\u00e9tisme qui \u00e9mane de la terre, et qui porte toutes les informations du monde.<\/p><p>\u00a0 C\u2019est donc pour cette raison que la consultation pourrait aider \u00e0 vous r\u00e9orienter, et vivre en harmonie avec un environnement plus stable.<\/p>\t\t\t\t\t\t\t\t<\/div>\n\t\t\t\t<\/div>\n\t\t\t\t\t<\/div>\n\t\t\t\t<\/div>\n\t\t\t\t<\/div>\n\t\t","protected":false},"excerpt":{"rendered":"<p>Le magn\u00e9tisme \u00a0 Dans cet ensemble, que l\u2019on nomme la galaxie, la terre \u00e9mane du magn\u00e9tisme afin de rester dans la rotation plan\u00e9taire.\u00a0 \u00a0 \u00a0 \u00a0 \u00a0 \u00a0 \u00a0 \u00a0 \u00a0 \u00a0 \u00a0 \u00a0 \u00a0 Elle \u00e9mane un magn\u00e9tisme positif et favorable \u00e0 la vie des hommes et des animaux. Pour les v\u00e9g\u00e9taux, elle reste [&hellip;]<\/p>\n","protected":false},"author":1,"featured_media":0,"parent":0,"menu_order":0,"comment_status":"closed","ping_status":"closed","template":"template-parts\/template-homepage-builder.php","meta":{"footnotes":""},"class_list":["post-262","page","type-page","status-publish","hentry"],"aioseo_notices":[],"_links":{"self":[{"href":"https:\/\/www.lemaguer-guerisseur-formation.com\/index.php\/wp-json\/wp\/v2\/pages\/262","targetHints":{"allow":["GET"]}}],"collection":[{"href":"https:\/\/www.lemaguer-guerisseur-formation.com\/index.php\/wp-json\/wp\/v2\/pages"}],"about":[{"href":"https:\/\/www.lemaguer-guerisseur-formation.com\/index.php\/wp-json\/wp\/v2\/types\/page"}],"author":[{"embeddable":true,"href":"https:\/\/www.lemaguer-guerisseur-formation.com\/index.php\/wp-json\/wp\/v2\/users\/1"}],"replies":[{"embeddable":true,"href":"https:\/\/www.lemaguer-guerisseur-formation.com\/index.php\/wp-json\/wp\/v2\/comments?post=262"}],"version-history":[{"count":80,"href":"https:\/\/www.lemaguer-guerisseur-formation.com\/index.php\/wp-json\/wp\/v2\/pages\/262\/revisions"}],"predecessor-version":[{"id":1015,"href":"https:\/\/www.lemaguer-guerisseur-formation.com\/index.php\/wp-json\/wp\/v2\/pages\/262\/revisions\/1015"}],"wp:attachment":[{"href":"https:\/\/www.lemaguer-guerisseur-formation.com\/index.php\/wp-json\/wp\/v2\/media?parent=262"}],"curies":[{"name":"wp","href":"https:\/\/api.w.org\/{rel}","templated":true}]}}